{"id":2806,"date":"2017-07-03T11:46:22","date_gmt":"2017-07-03T09:46:22","guid":{"rendered":"https:\/\/i-torrestrella.com\/?page_id=2806\/"},"modified":"2023-06-19T14:19:22","modified_gmt":"2023-06-19T12:19:22","slug":"services","status":"publish","type":"page","link":"https:\/\/i-torrestrella.com\/en\/services\/","title":{"rendered":"Services"},"content":{"rendered":"<p>[vc_row full_width=&#8221;stretch_row_content_no_spaces&#8221;][vc_column][vc_column_text css=&#8221;.vc_custom_1687177120817{padding-top: 20px !important;padding-right: 10% !important;padding-bottom: 40px !important;padding-left: 10% !important;background-image: url(https:\/\/i-torrestrella.com\/wp-content\/uploads\/antena-1.jpg?id=2775) !important;}&#8221;]<\/p>\n<h1 style=\"text-align: center;\">TELECOMMUNICATION AND SECURITY <br \/>ENGINEERING AND CONSULTING<\/h1>\n<p>[\/vc_column_text][\/vc_column][\/vc_row][vc_row][vc_column][vc_empty_space][vc_row_inner css=&#8221;.vc_custom_1471422771132{padding-top: 50px !important;padding-right: 2px !important;padding-bottom: 50px !important;background-image: url(https:\/\/i-torrestrella.com\/wp-content\/uploads\/ingenieriaserv.jpg?id=1962) !important;}&#8221;][vc_column_inner][vc_column_text]<\/p>\n<h5 class=\"text-center\" style=\"text-align: center;\"><span style=\"color: #ffffff;\">ENGINEERING AND CONSULTING<\/span><\/h5>\n<p><a name=\"instalaciones-y-soporte-tecnico\"><\/a>[\/vc_column_text][\/vc_column_inner][\/vc_row_inner][vc_row_inner][vc_column_inner width=&#8221;1\/2&#8243;][vc_empty_space][vc_icon icon_fontawesome=&#8221;fa fa-university&#8221; color=&#8221;black&#8221; align=&#8221;center&#8221;][vc_column_text]<\/p>\n<h4 style=\"text-align: center;\">Projects and technical management<\/h4>\n<p>Drafting and technical project management of:<\/p>\n<p><strong>Telecommunication<\/strong> (ICT, aeronautics, radio link, home automation, SCADA, networks, WIFI&#8230;)<\/p>\n<p><strong>Security<\/strong> (cameras, access control, alarms, perimeter, critical infrastructure&#8230;)[\/vc_column_text][\/vc_column_inner][vc_column_inner width=&#8221;1\/2&#8243;][vc_empty_space][vc_icon icon_fontawesome=&#8221;fa fa-briefcase&#8221; color=&#8221;black&#8221; align=&#8221;center&#8221;][vc_column_text]<\/p>\n<h4 style=\"text-align: center;\">Technologic consulting<\/h4>\n<p><strong>Drafting and support<\/strong> in public offers and national and international subsides with technological and security components.<\/p>\n<p><strong>Detailed study<\/strong> of projects or public offers.<\/p>\n<p><strong>Improvement <\/strong>of production processes through technology.[\/vc_column_text][\/vc_column_inner][\/vc_row_inner][vc_empty_space][\/vc_column][\/vc_row]<\/p>\n","protected":false},"excerpt":{"rendered":"<p>[vc_row full_width=&#8221;stretch_row_content_no_spaces&#8221;][vc_column][vc_column_text css=&#8221;.vc_custom_1687177120817{padding-top: 20px !important;padding-right: 10% !important;padding-bottom: 40px !important;padding-left: 10% !important;background-image: url(https:\/\/i-torrestrella.com\/wp-content\/uploads\/antena-1.jpg?id=2775) !important;}&#8221;] TELECOMMUNICATION AND SECURITY ENGINEERING AND CONSULTING [\/vc_column_text][\/vc_column][\/vc_row][vc_row][vc_column][vc_empty_space][vc_row_inner css=&#8221;.vc_custom_1471422771132{padding-top: 50px !important;padding-right: 2px !important;padding-bottom: 50px !important;background-image: url(https:\/\/i-torrestrella.com\/wp-content\/uploads\/ingenieriaserv.jpg?id=1962) !important;}&#8221;][vc_column_inner][vc_column_text] ENGINEERING AND CONSULTING [\/vc_column_text][\/vc_column_inner][\/vc_row_inner][vc_row_inner][vc_column_inner width=&#8221;1\/2&#8243;][vc_empty_space][vc_icon icon_fontawesome=&#8221;fa fa-university&#8221; color=&#8221;black&#8221; align=&#8221;center&#8221;][vc_column_text] Projects and&#8230;<\/p>\n","protected":false},"author":6,"featured_media":0,"parent":0,"menu_order":0,"comment_status":"closed","ping_status":"open","template":"","meta":[],"yoast_head":"<!-- This site is optimized with the Yoast SEO plugin v16.2 - https:\/\/yoast.com\/wordpress\/plugins\/seo\/ -->\n<title>Security Cameras, ICT Installations in M\u00e1laga, Home Automation<\/title>\n<meta name=\"description\" content=\"Company in Malaga with security camera service, home automation, ICT installations in M\u00e1laga, telecommunication, LED lighting for companies and buildings\" \/>\n<meta name=\"robots\" content=\"index, follow, max-snippet:-1, max-image-preview:large, max-video-preview:-1\" \/>\n<link rel=\"canonical\" href=\"https:\/\/i-torrestrella.com\/en\/services\/\" \/>\n<meta property=\"og:locale\" content=\"en_US\" \/>\n<meta property=\"og:type\" content=\"article\" \/>\n<meta property=\"og:title\" content=\"Security Cameras, ICT Installations in M\u00e1laga, Home Automation\" \/>\n<meta property=\"og:description\" content=\"Company in Malaga with security camera service, home automation, ICT installations in M\u00e1laga, telecommunication, LED lighting for companies and buildings\" \/>\n<meta property=\"og:url\" content=\"https:\/\/i-torrestrella.com\/en\/services\/\" \/>\n<meta property=\"og:site_name\" content=\"Ingenier\u00eda e instalaciones de telecomunicaci\u00f3n y baja tensi\u00f3n\" \/>\n<meta property=\"article:publisher\" content=\"https:\/\/www.facebook.com\/itorrestrella\/\" \/>\n<meta property=\"article:modified_time\" content=\"2023-06-19T12:19:22+00:00\" \/>\n<meta property=\"og:image\" content=\"https:\/\/i-torrestrella.com\/wp-content\/uploads\/web-servicios.jpg\" \/>\n<meta name=\"twitter:card\" content=\"summary_large_image\" \/>\n<meta name=\"twitter:image\" content=\"https:\/\/i-torrestrella.com\/wp-content\/uploads\/web-servicios.jpg\" \/>\n<meta name=\"twitter:site\" content=\"@itorrestrella\" \/>\n<meta name=\"twitter:label1\" content=\"Est. reading time\">\n\t<meta name=\"twitter:data1\" content=\"1 minute\">\n<script type=\"application\/ld+json\" class=\"yoast-schema-graph\">{\"@context\":\"https:\/\/schema.org\",\"@graph\":[{\"@type\":\"Organization\",\"@id\":\"https:\/\/i-torrestrella.com\/#organization\",\"name\":\"Torres & Trella ingenieros\",\"url\":\"https:\/\/i-torrestrella.com\/\",\"sameAs\":[\"https:\/\/www.facebook.com\/itorrestrella\/\",\"https:\/\/www.linkedin.com\/company\/torres-&amp;amp;-trella-ingenieros\",\"https:\/\/twitter.com\/itorrestrella\"],\"logo\":{\"@type\":\"ImageObject\",\"@id\":\"https:\/\/i-torrestrella.com\/#logo\",\"inLanguage\":\"en-US\",\"url\":\"https:\/\/i-torrestrella.com\/wp-content\/uploads\/cropped-icono.jpg\",\"contentUrl\":\"https:\/\/i-torrestrella.com\/wp-content\/uploads\/cropped-icono.jpg\",\"width\":512,\"height\":512,\"caption\":\"Torres & Trella ingenieros\"},\"image\":{\"@id\":\"https:\/\/i-torrestrella.com\/#logo\"}},{\"@type\":\"WebSite\",\"@id\":\"https:\/\/i-torrestrella.com\/#website\",\"url\":\"https:\/\/i-torrestrella.com\/\",\"name\":\"Ingenier\\u00eda e instalaciones de telecomunicaci\\u00f3n y baja tensi\\u00f3n\",\"description\":\"Consultor\\u00eda Ingenier\\u00eda, telecomunicaci\\u00f3n y sistemas de seguridad\",\"publisher\":{\"@id\":\"https:\/\/i-torrestrella.com\/#organization\"},\"potentialAction\":[{\"@type\":\"SearchAction\",\"target\":\"https:\/\/i-torrestrella.com\/?s={search_term_string}\",\"query-input\":\"required name=search_term_string\"}],\"inLanguage\":\"en-US\"},{\"@type\":\"ImageObject\",\"@id\":\"https:\/\/i-torrestrella.com\/en\/services\/#primaryimage\",\"inLanguage\":\"en-US\",\"url\":\"\",\"contentUrl\":\"\"},{\"@type\":\"WebPage\",\"@id\":\"https:\/\/i-torrestrella.com\/en\/services\/#webpage\",\"url\":\"https:\/\/i-torrestrella.com\/en\/services\/\",\"name\":\"Security Cameras, ICT Installations in M\\u00e1laga, Home Automation\",\"isPartOf\":{\"@id\":\"https:\/\/i-torrestrella.com\/#website\"},\"primaryImageOfPage\":{\"@id\":\"https:\/\/i-torrestrella.com\/en\/services\/#primaryimage\"},\"datePublished\":\"2017-07-03T09:46:22+00:00\",\"dateModified\":\"2023-06-19T12:19:22+00:00\",\"description\":\"Company in Malaga with security camera service, home automation, ICT installations in M\\u00e1laga, telecommunication, LED lighting for companies and buildings\",\"breadcrumb\":{\"@id\":\"https:\/\/i-torrestrella.com\/en\/services\/#breadcrumb\"},\"inLanguage\":\"en-US\",\"potentialAction\":[{\"@type\":\"ReadAction\",\"target\":[\"https:\/\/i-torrestrella.com\/en\/services\/\"]}]},{\"@type\":\"BreadcrumbList\",\"@id\":\"https:\/\/i-torrestrella.com\/en\/services\/#breadcrumb\",\"itemListElement\":[{\"@type\":\"ListItem\",\"position\":1,\"item\":{\"@type\":\"WebPage\",\"@id\":\"https:\/\/i-torrestrella.com\/en\/\",\"url\":\"https:\/\/i-torrestrella.com\/en\/\",\"name\":\"Portada\"}},{\"@type\":\"ListItem\",\"position\":2,\"item\":{\"@id\":\"https:\/\/i-torrestrella.com\/en\/services\/#webpage\"}}]}]}<\/script>\n<!-- \/ Yoast SEO plugin. -->","_links":{"self":[{"href":"https:\/\/i-torrestrella.com\/en\/wp-json\/wp\/v2\/pages\/2806"}],"collection":[{"href":"https:\/\/i-torrestrella.com\/en\/wp-json\/wp\/v2\/pages"}],"about":[{"href":"https:\/\/i-torrestrella.com\/en\/wp-json\/wp\/v2\/types\/page"}],"author":[{"embeddable":true,"href":"https:\/\/i-torrestrella.com\/en\/wp-json\/wp\/v2\/users\/6"}],"replies":[{"embeddable":true,"href":"https:\/\/i-torrestrella.com\/en\/wp-json\/wp\/v2\/comments?post=2806"}],"version-history":[{"count":6,"href":"https:\/\/i-torrestrella.com\/en\/wp-json\/wp\/v2\/pages\/2806\/revisions"}],"predecessor-version":[{"id":4941,"href":"https:\/\/i-torrestrella.com\/en\/wp-json\/wp\/v2\/pages\/2806\/revisions\/4941"}],"wp:attachment":[{"href":"https:\/\/i-torrestrella.com\/en\/wp-json\/wp\/v2\/media?parent=2806"}],"curies":[{"name":"wp","href":"https:\/\/api.w.org\/{rel}","templated":true}]}}