{"id":2891,"date":"2017-07-04T12:38:13","date_gmt":"2017-07-04T10:38:13","guid":{"rendered":"https:\/\/i-torrestrella.com\/?page_id=2891\/"},"modified":"2019-11-20T10:06:00","modified_gmt":"2019-11-20T08:06:00","slug":"legal-notice","status":"publish","type":"page","link":"https:\/\/i-torrestrella.com\/en\/legal-notice\/","title":{"rendered":"Legal notice"},"content":{"rendered":"<h5><b>DISCLAIMER<\/b><\/h5>\n<p><span style=\"font-weight: 400;\">This legal notice regulates the use of the website www.i-torrestrella.com (hereinafter &#8220;the WEBSITE&#8221;), which is owned by i-torrestrella (hereinafter &#8220;the WEBSITE OWNER&#8221;).<\/span><\/p>\n<p><span style=\"font-weight: 400;\">By browsing the website owned by the WEBSITE OWNER, you fully and unreservedly accept all the terms of this Legal Notice, which may be subject to amendment.<\/span><\/p>\n<p><span style=\"font-weight: 400;\">As the user, you must use the website appropriately in compliance with the law, the principle of good faith, accepted good conduct, traffic use and this Legal Notice. You, the user, will be held liable by the WEBSITE OWNER or third parties for any damages that may be caused as a result of failing to comply with this obligation.<\/span><\/p>\n<h5><b>IDENTIFICATION AND NOTIFICATIONS<\/b><\/h5>\n<p><span style=\"font-weight: 400;\">In compliance with Spanish Law 34\/2002 of 11 July on Information Society and Electronic Commerce Services, the WEBSITE OWNER informs you of its corporate name and registered address for communication purposes:<\/span><\/p>\n<ul>\n<li style=\"font-weight: 400;\"><span style=\"font-weight: 400;\">Corporate name: Torres&amp;Trella proyectos e instalaciones S.L.U.<br \/>\n<\/span><\/li>\n<li style=\"font-weight: 400;\"><span style=\"font-weight: 400;\">Registered address: Calle San Carlos 50 Local, 29651 Mijas Costa, M\u00e1laga.<br \/>\n<\/span><\/li>\n<\/ul>\n<p><span style=\"font-weight: 400;\">If you wish to contact us, you may do so by:<\/span><\/p>\n<ul>\n<li style=\"font-weight: 400;\"><span style=\"font-weight: 400;\">Telephone: 951 39 41 12<\/span><\/li>\n<li style=\"font-weight: 400;\"><span style=\"font-weight: 400;\">Email: <a href=\"mailto:info@i-torrestrella.com\" target=\"_self\" data-content=\"info@i-torrestrella.com\" data-type=\"mail\"><u>info<\/u><u><\/u><\/a><u><\/u><u><\/u><u><\/u><a href=\"mailto:info@i-torrestrella.com\" target=\"_self\" data-content=\"info@i-torrestrella.com\" data-type=\"mail\"><u>@i-torrestrella.com<\/u><\/a><\/span><\/li>\n<\/ul>\n<p><span style=\"font-weight: 400;\">All notifications and communications between you, the user, and the WEBSITE OWNER shall be deemed effective for all intents and purposes when sent by postal mail or any of the other means described above.<\/span><\/p>\n<h5><b> WEBSITE CONDITIONS OF ACCESS AND USE<\/b><\/h5>\n<p><span style=\"font-weight: 400;\">The website and its services are open to the public and free of charge, however, the WEBSITE OWNER restricts some of the services offered to registered users.<\/span><\/p>\n<p><span style=\"font-weight: 400;\">You, the user, guarantee that data sent to the WEBSITE OWNER are true and up-to-date and accept that you will be held solely liable for false or inaccurate information.<\/span><\/p>\n<p><span style=\"font-weight: 400;\">As the user you agree to make proper use of the WEBSITE OWNER&#8217;s content and services and agree not to use them for the following purposes, among others:<\/span><\/p>\n<ul>\n<li style=\"font-weight: 400;\"><span style=\"font-weight: 400;\">To disseminate content that is unlawful, violent, pornographic, racist, xenophobic, offensive, in favour of terrorism, or that is, in general, illegal or that contravenes accepted good conduct.<\/span><\/li>\n<li style=\"font-weight: 400;\"><span style=\"font-weight: 400;\">To upload computer viruses to the network or perform any actions that could change, spoil, interrupt or generate errors or cause damage to electronic documents, data or physical and logical systems belonging to the WEBSITE OWNER or third parties; or block other users&#8217; access to the website and services via the mass consumption of IT resources the WEBSITE OWNER uses to provide its services.<\/span><\/li>\n<li style=\"font-weight: 400;\"><span style=\"font-weight: 400;\">To attempt to access the email accounts of other users or restricted areas of the IT systems belonging to the WEBSITE OWNER or third parties, and where relevant, extract information.<\/span><\/li>\n<li style=\"font-weight: 400;\"><span style=\"font-weight: 400;\">To infringe intellectual or industrial property rights or to breach the confidentiality of information belonging to the WEBSITE OWNER or third parties.<\/span><\/li>\n<li style=\"font-weight: 400;\"><span style=\"font-weight: 400;\">To impersonate the identity of other users, public administrations or third parties.<\/span><\/li>\n<li style=\"font-weight: 400;\"><span style=\"font-weight: 400;\">To reproduce, copy, share, make available or in any other way publicly communicate, change or amend the content without consent from the owner of the applicable rights, unless it is permitted by law.<\/span><\/li>\n<li style=\"font-weight: 400;\"><span style=\"font-weight: 400;\">To gather data for publicity purposes and to distribute advertising of any type and sales or business notifications that are not requested or agreed to in advance.<\/span><\/li>\n<\/ul>\n<p><span style=\"font-weight: 400;\">All website content, including text, photographs, graphics, images, icons, technology, software, graphic design and source codes represent work that is the property of the WEBSITE OWNER; it shall not be considered that exploitation rights to the foregoing have been transferred to the user other than those rights that are strictly necessary to use the website correctly.<\/span><\/p>\n<p><span style=\"font-weight: 400;\">In summary, users that access the website may view its content and make authorised private copies of this content, where applicable, provided that the elements that are copied are not subsequently transferred to third parties, uploaded to network-connected servers or subject to commercial use.<\/span><\/p>\n<p><span style=\"font-weight: 400;\">Furthermore, all brands, commercial names or trademarks that appear on the website belong to the WEBSITE OWNER, and the use or access to the website does not provide you, the user, with any right over them.<\/span><\/p>\n<p><span style=\"font-weight: 400;\">Distributing, modifying, transferring or publicly communicating the content and any other activity that has not been expressly authorised by the owner of the exploitation rights is prohibited.<\/span><\/p>\n<p><span style=\"font-weight: 400;\">Establishing a hyperlink does not, under any circumstances, signify the existence of a relationship between the WEBSITE OWNER and the owner of the linked website, nor that the WEBSITE OWNER accepts and approves the content or services of the linked website. Anyone who wishes to establish a hyperlink must request authorisation from the WEBSITE OWNER in writing in advance. Under all circumstances, the hyperlink will only permit access to the home page of the owner&#8217;s website. No false, inaccurate or incorrect statements may be made about the WEBSITE OWNER and content may not be published that is illegal, contrary to accepted good conduct and public order.<\/span><\/p>\n<p>&nbsp;<\/p>\n<h5><b>LEGAL DISCLAIMER<\/b><\/h5>\n<p>&nbsp;<\/p>\n<p><span style=\"font-weight: 400;\">The WEBSITE OWNER shall not be held liable, insofar as permitted by applicable law, for any damages of any kind that are derived from:<\/span><\/p>\n<ul>\n<li style=\"font-weight: 400;\"><span style=\"font-weight: 400;\">The inability to access the website or the untruthfulness, inaccuracy, incompleteness and\/or invalidity of its content, the existence of faults or defects of any type in the content that is transferred, distributed, stored or made available to anyone who has accessed the website or used the services that it offers.<\/span><\/li>\n<li style=\"font-weight: 400;\"><span style=\"font-weight: 400;\">Viruses or other elements present in the content that may change the IT systems, electronic documents or data of users.<\/span><\/li>\n<li style=\"font-weight: 400;\"><span style=\"font-weight: 400;\">\u2022 Any breach of the law, good faith, accepted good conduct, traffic use and this legal notice resulting from the incorrect use of the website. Specifically, and by way of example, the WEBSITE OWNER shall not be held liable for actions by third parties that infringe rights relating to intellectual and industrial property, business secrets, honour, personal and family privacy and one\u2019s own image, and contravene regulations on unfair competition and illegal advertising.<\/span><\/li>\n<\/ul>\n<p><span style=\"font-weight: 400;\">In addition, the WEBSITE OWNER accepts no liability with regard to information found on other websites that are not directly managed by our webmaster. Links that are published on the website are exclusively for the purpose of informing users about the existence of other sources that can be used to expand on the content found on this website. The WEBSITE OWNER does not guarantee and shall not be held liable for the correct functioning or accessibility of linked websites, nor does it invite users to visit, or suggest or recommend visiting these websites, and therefore it shall not be held liable for any consequences that may occur. The WEBSITE OWNER shall not be held liable for hyperlinks established by third parties.<\/span><\/p>\n<h5><b>PRIVACY POLICY<\/b><\/h5>\n<p><span style=\"font-weight: 400;\">When personal details are requested, you will be invited to provide them voluntarily. Data gathered through the contact forms on this website or via other methods will be included in a personal data file, which is duly registered in the Spanish Data Protection Agency&#8217;s General Register, for which the WEBSITE OWNER is liable. The WEBSITE OWNER will handle the data in a confidential manner to offer the services requested, with all legal and security guarantees outlined in Spanish Organic Law 15\/1999 of 13 December on Personal Data Protection, Royal Decree 1720\/2007 of 21 December and Law 34\/2002 of 11 July on Information Society and Electronic Commerce Services.<\/span><\/p>\n<p><span style=\"font-weight: 400;\">The WEBSITE OWNER agrees to not transfer, sell or share third party data without express approval.<\/span><\/p>\n<p><span style=\"font-weight: 400;\">Furthermore, i-torrestrella will cancel or rectify data that are inaccurate, incomplete or no longer necessary or relevant for their purpose, in compliance with the Spanish Organic Law 15\/1999 of 13 December on Personal Data Protection.<\/span><\/p>\n<p><span style=\"font-weight: 400;\">As the user, you are able to revoke your consent or exercise your rights to access, rectify, cancel and oppose such in writing to Torres&amp;Trella proyectos e instalaciones S.L, registered address: Calle San Carlos 50 Local, 29651 Mijas Costa, M\u00e1laga, stating your ID and indicating the right you wish to exercise.<\/span><\/p>\n<p><span style=\"font-weight: 400;\">The WEBSITE OWNER adopts security levels required by the Spanish Organic Law 15\/1999 and any other applicable regulations. However, it does not assume any liability for damage that may cause changes to your IT systems, electronic documents or files.<\/span><\/p>\n<h5><b>COOKIES POLICY <\/b><\/h5>\n<p><span style=\"font-weight: 400;\">A cookie is a small text file created by websites that you visit, which contain session data that can be useful at a later stage on the website. Data allow the website to store your information on its pages and also analyse the way that you interact with the website. Cookies are safe as they can only store information that was placed by the browser, data entered into the browser by users or included in a page request. They cannot run code or be used to access your computer.<\/span><\/p>\n<p><span style=\"font-weight: 400;\">Cookies are essential for the functioning of the internet and offer countless advantages to improve interactive services, making browsing our website easier. Cookies do not damage your computer but rather help us to identify and solve errors.<\/span><\/p>\n<p><span style=\"font-weight: 400;\">The following information will help you understand the different types of cookies:<\/span><\/p>\n<p><span style=\"font-weight: 400;\">&#8211; <\/span><b>Session cookies:<\/b><span style=\"font-weight: 400;\"> they are temporary cookies that remain in your browser&#8217;s cookie folder until you leave the website. They are never registered to the user&#8217;s hard drive. Information gathered by these cookies is used to analyse how you interact with the website. This helps us to improve the website\u2019s content and experience, making it more user-friendly.<\/span><\/p>\n<p><span style=\"font-weight: 400;\">&#8211; <\/span><b>Persistent cookies: <\/b><span style=\"font-weight: 400;\"> they are stored on the hard drive and our website reads them whenever you visit. Despite its name, a persistent cookie has a specific expiration date and will stop working after that date. They are generally used to provide the services offered by the web pages.<\/span><\/p>\n<p><span style=\"font-weight: 400;\">The following is a list of the main cookies used on our websites, namely:<\/span><\/p>\n<p><b>Strictly necessary cookies <\/b><span style=\"font-weight: 400;\"> such as for example those that are used for correct web browsing or paying for goods or services requested by the user or cookies that are used to ensure that website content loads correctly.<\/span><\/p>\n<p><span style=\"font-weight: 400;\">&#8211; Las <\/span><b>Third party cookies <\/b><span style=\"font-weight: 400;\"> such as those used by social networks or for supplementary external content.<\/span><\/p>\n<p><span style=\"font-weight: 400;\">&#8211; Las <\/span><b>Analytic cookies <\/b><span style=\"font-weight: 400;\">are used for regular maintenance to offer the best possible service to the user. Their main function is to collect statistical data.<\/span><\/p>\n<p><b>Complementary Guarantees \u2013 Cookie management:<\/b><\/p>\n<p><span style=\"font-weight: 400;\">All internet browsers allow you to restrict cookie behaviour or deactivate cookies within the browser settings or options. Every browser is different but you can find instructions in your browser&#8217;s help menu.<\/span><\/p>\n<p><span style=\"font-weight: 400;\">Many browsers enable you to activate a privacy mode that deletes cookies after your visit. The name of this privacy mode will vary depending on the browser. Listed below are the main browsers with the cookies settings link plus the different names for this &#8220;privacy mode&#8221;:<\/span><\/p>\n<ol>\n<li style=\"font-weight: 400;\"><b>Internet Explorer 8<\/b><span style=\"font-weight: 400;\"> or later; InPrivate<\/span><\/li>\n<li style=\"font-weight: 400;\"><a href=\"https:\/\/support.microsoft.com\/en-us\/help\/17442\/windows-internet-explorer-delete-manage-cookies\"><span style=\"font-weight: 400;\">https:\/\/support.microsoft.com\/en-us\/help\/17442\/windows-internet-explorer-delete-manage-cookies<\/span><\/a><\/li>\n<li style=\"font-weight: 400;\"><b>Safari 2<\/b><span style=\"font-weight: 400;\">or later; Private browsing<\/span><\/li>\n<li style=\"font-weight: 400;\"><a href=\"https:\/\/support.apple.com\/en-us\/HT201265\"><span style=\"font-weight: 400;\">https:\/\/support.apple.com\/en-us\/HT201265<\/span><\/a><\/li>\n<li style=\"font-weight: 400;\"><b>Opera 10.5<\/b><span style=\"font-weight: 400;\">or later; Private browsing<\/span><\/li>\n<li style=\"font-weight: 400;\"><a href=\"http:\/\/help.opera.com\/Windows\/11.50\/en\/cookies.html\"><span style=\"font-weight: 400;\">http:\/\/help.opera.com\/Windows\/11.50\/en\/cookies.html<\/span><\/a><\/li>\n<li style=\"font-weight: 400;\"><b>FireFox 3.5<\/b><span style=\"font-weight: 400;\"> or later; Private browsing<\/span><\/li>\n<li style=\"font-weight: 400;\"><a href=\"https:\/\/support.mozilla.org\/en-US\/kb\/enable-and-disable-cookies-website-preferences\"><span style=\"font-weight: 400;\">https:\/\/support.mozilla.org\/en-US\/kb\/enable-and-disable-cookies-website-preferences<\/span><\/a><\/li>\n<li style=\"font-weight: 400;\"><b>Google Chrome 10<\/b><span style=\"font-weight: 400;\"> or later; Private browsing<\/span><\/li>\n<li style=\"font-weight: 400;\"><a href=\"https:\/\/support.google.com\/chrome\/answer\/95647?hl=en\"><span style=\"font-weight: 400;\">https:\/\/support.google.com\/chrome\/answer\/95647?hl=en<\/span><\/a><\/li>\n<\/ol>\n<p><span style=\"font-weight: 400;\">The WEBSITE OWNER can use cookies to render its services on the website. Cookies are physical personal information files stored on your device. You can adjust the settings of your browser programme to stop cookie files from being created or be notified of their creation.<\/span><\/p>\n<p><span style=\"font-weight: 400;\">If you were to choose to leave our website via links to other websites that do not belong to us, the WEBSITE OWNER is not liable for the privacy policy of these websites or the cookies that may be stored on your computer.<\/span><\/p>\n<p>span style=&#8221;font-weight: 400;&#8221;&gt;Our email policy is centred on sending emails that you have requested to receive.<\/p>\n<p><span style=\"font-weight: 400;\">If you prefer not to receive these messages, you can exercise your right to cancel them, in compliance with Title III, section 22 of Spanish Law 34\/2002 on Information Society and Electronic Commerce Services.<\/span><\/p>\n<h5><b>PROCEDURE IN THE EVENT OF ILLEGAL ACTIVITY<\/b><\/h5>\n<p><span style=\"font-weight: 400;\">In the event that any user or third party considers that actions or circumstances exist that demonstrate an illegal use of the website content and\/or illegal activity on the web pages included in or accessed through the website, they should notify the WEBSITE OWNER, duly identifying themselves, detailing the supposed infractions and expressly stating, assuming full liability, that the information provided in this communication is accurate.<\/span><\/p>\n<p><span style=\"font-weight: 400;\">The WEBSITE OWNER&#8217;s website is subject to Spanish law and the courts and tribunals of M\u00e1laga (Spain) will be competent to resolve any disagreement that may arise concerning the website.<\/span><\/p>\n<h5><b>PUBLICATIONS<\/b><\/h5>\n<p><span style=\"font-weight: 400;\">The administrative information provided through this website does not supplant the legal publicity of the laws, regulations, plans, general provisions and records that must be formally published by public administrations, which are the only instrument that certifies their authenticity and content. The information available on this website must be understood as a guide and holds no legal validity.<\/span><\/p>\n<p><a href=\"http:\/\/centraliza.com\/catalogo-general\/#lopd\" target=\"_blank\" rel=\"noopener\">Adaptation of Organic Law on Data Protection and Information Society Services and Electronic Commerce by Centraliza<\/a>.<\/p>\n<p><a href=\"\/wp-content\/uploads\/proteccion-datos.jpg\"><img class=\"aligncenter wp-image-2404 size-full\" src=\"https:\/\/www.centraliza.com\/wp-content\/uploads\/agencia-proteccion-datos.jpg\" alt=\"indice\" width=\"100\" height=\"60\" \/><\/a><\/p>\n","protected":false},"excerpt":{"rendered":"<p>DISCLAIMER This legal notice regulates the use of the website www.i-torrestrella.com (hereinafter &#8220;the WEBSITE&#8221;), which is owned by i-torrestrella (hereinafter &#8220;the WEBSITE OWNER&#8221;). By browsing the website owned by the WEBSITE OWNER, you fully and unreservedly accept all the terms&#8230;<\/p>\n","protected":false},"author":4,"featured_media":0,"parent":0,"menu_order":0,"comment_status":"closed","ping_status":"closed","template":"","meta":[],"yoast_head":"<!-- This site is optimized with the Yoast SEO plugin v16.2 - https:\/\/yoast.com\/wordpress\/plugins\/seo\/ -->\n<title>Legal notice - Ingenier\u00eda e instalaciones de telecomunicaci\u00f3n y baja tensi\u00f3n<\/title>\n<meta name=\"robots\" content=\"index, follow, max-snippet:-1, max-image-preview:large, max-video-preview:-1\" \/>\n<link rel=\"canonical\" href=\"https:\/\/i-torrestrella.com\/en\/legal-notice\/\" \/>\n<meta property=\"og:locale\" content=\"en_US\" \/>\n<meta property=\"og:type\" content=\"article\" \/>\n<meta property=\"og:title\" content=\"Legal notice - Ingenier\u00eda e instalaciones de telecomunicaci\u00f3n y baja tensi\u00f3n\" \/>\n<meta property=\"og:description\" content=\"DISCLAIMER This legal notice regulates the use of the website www.i-torrestrella.com (hereinafter &#8220;the WEBSITE&#8221;), which is owned by i-torrestrella (hereinafter &#8220;the WEBSITE OWNER&#8221;). By browsing the website owned by the WEBSITE OWNER, you fully and unreservedly accept all the terms...\" \/>\n<meta property=\"og:url\" content=\"https:\/\/i-torrestrella.com\/en\/legal-notice\/\" \/>\n<meta property=\"og:site_name\" content=\"Ingenier\u00eda e instalaciones de telecomunicaci\u00f3n y baja tensi\u00f3n\" \/>\n<meta property=\"article:publisher\" content=\"https:\/\/www.facebook.com\/itorrestrella\/\" \/>\n<meta property=\"article:modified_time\" content=\"2019-11-20T08:06:00+00:00\" \/>\n<meta property=\"og:image\" content=\"https:\/\/www.centraliza.com\/wp-content\/uploads\/agencia-proteccion-datos.jpg\" \/>\n<meta name=\"twitter:card\" content=\"summary_large_image\" \/>\n<meta name=\"twitter:site\" content=\"@itorrestrella\" \/>\n<meta name=\"twitter:label1\" content=\"Est. reading time\">\n\t<meta name=\"twitter:data1\" content=\"11 minutes\">\n<script type=\"application\/ld+json\" class=\"yoast-schema-graph\">{\"@context\":\"https:\/\/schema.org\",\"@graph\":[{\"@type\":\"Organization\",\"@id\":\"https:\/\/i-torrestrella.com\/#organization\",\"name\":\"Torres & Trella ingenieros\",\"url\":\"https:\/\/i-torrestrella.com\/\",\"sameAs\":[\"https:\/\/www.facebook.com\/itorrestrella\/\",\"https:\/\/www.linkedin.com\/company\/torres-&amp;amp;-trella-ingenieros\",\"https:\/\/twitter.com\/itorrestrella\"],\"logo\":{\"@type\":\"ImageObject\",\"@id\":\"https:\/\/i-torrestrella.com\/#logo\",\"inLanguage\":\"en-US\",\"url\":\"https:\/\/i-torrestrella.com\/wp-content\/uploads\/cropped-icono.jpg\",\"contentUrl\":\"https:\/\/i-torrestrella.com\/wp-content\/uploads\/cropped-icono.jpg\",\"width\":512,\"height\":512,\"caption\":\"Torres & Trella ingenieros\"},\"image\":{\"@id\":\"https:\/\/i-torrestrella.com\/#logo\"}},{\"@type\":\"WebSite\",\"@id\":\"https:\/\/i-torrestrella.com\/#website\",\"url\":\"https:\/\/i-torrestrella.com\/\",\"name\":\"Ingenier\\u00eda e instalaciones de telecomunicaci\\u00f3n y baja tensi\\u00f3n\",\"description\":\"Consultor\\u00eda Ingenier\\u00eda, telecomunicaci\\u00f3n y sistemas de seguridad\",\"publisher\":{\"@id\":\"https:\/\/i-torrestrella.com\/#organization\"},\"potentialAction\":[{\"@type\":\"SearchAction\",\"target\":\"https:\/\/i-torrestrella.com\/?s={search_term_string}\",\"query-input\":\"required name=search_term_string\"}],\"inLanguage\":\"en-US\"},{\"@type\":\"ImageObject\",\"@id\":\"https:\/\/i-torrestrella.com\/en\/legal-notice\/#primaryimage\",\"inLanguage\":\"en-US\",\"url\":\"https:\/\/www.centraliza.com\/wp-content\/uploads\/agencia-proteccion-datos.jpg\",\"contentUrl\":\"https:\/\/www.centraliza.com\/wp-content\/uploads\/agencia-proteccion-datos.jpg\"},{\"@type\":\"WebPage\",\"@id\":\"https:\/\/i-torrestrella.com\/en\/legal-notice\/#webpage\",\"url\":\"https:\/\/i-torrestrella.com\/en\/legal-notice\/\",\"name\":\"Legal notice - Ingenier\\u00eda e instalaciones de telecomunicaci\\u00f3n y baja tensi\\u00f3n\",\"isPartOf\":{\"@id\":\"https:\/\/i-torrestrella.com\/#website\"},\"primaryImageOfPage\":{\"@id\":\"https:\/\/i-torrestrella.com\/en\/legal-notice\/#primaryimage\"},\"datePublished\":\"2017-07-04T10:38:13+00:00\",\"dateModified\":\"2019-11-20T08:06:00+00:00\",\"breadcrumb\":{\"@id\":\"https:\/\/i-torrestrella.com\/en\/legal-notice\/#breadcrumb\"},\"inLanguage\":\"en-US\",\"potentialAction\":[{\"@type\":\"ReadAction\",\"target\":[\"https:\/\/i-torrestrella.com\/en\/legal-notice\/\"]}]},{\"@type\":\"BreadcrumbList\",\"@id\":\"https:\/\/i-torrestrella.com\/en\/legal-notice\/#breadcrumb\",\"itemListElement\":[{\"@type\":\"ListItem\",\"position\":1,\"item\":{\"@type\":\"WebPage\",\"@id\":\"https:\/\/i-torrestrella.com\/en\/\",\"url\":\"https:\/\/i-torrestrella.com\/en\/\",\"name\":\"Portada\"}},{\"@type\":\"ListItem\",\"position\":2,\"item\":{\"@id\":\"https:\/\/i-torrestrella.com\/en\/legal-notice\/#webpage\"}}]}]}<\/script>\n<!-- \/ Yoast SEO plugin. -->","_links":{"self":[{"href":"https:\/\/i-torrestrella.com\/en\/wp-json\/wp\/v2\/pages\/2891"}],"collection":[{"href":"https:\/\/i-torrestrella.com\/en\/wp-json\/wp\/v2\/pages"}],"about":[{"href":"https:\/\/i-torrestrella.com\/en\/wp-json\/wp\/v2\/types\/page"}],"author":[{"embeddable":true,"href":"https:\/\/i-torrestrella.com\/en\/wp-json\/wp\/v2\/users\/4"}],"replies":[{"embeddable":true,"href":"https:\/\/i-torrestrella.com\/en\/wp-json\/wp\/v2\/comments?post=2891"}],"version-history":[{"count":0,"href":"https:\/\/i-torrestrella.com\/en\/wp-json\/wp\/v2\/pages\/2891\/revisions"}],"wp:attachment":[{"href":"https:\/\/i-torrestrella.com\/en\/wp-json\/wp\/v2\/media?parent=2891"}],"curies":[{"name":"wp","href":"https:\/\/api.w.org\/{rel}","templated":true}]}}