{"id":3362,"date":"2018-11-20T10:04:53","date_gmt":"2018-11-20T08:04:53","guid":{"rendered":"https:\/\/i-torrestrella.com\/proteccion-de-datos\/"},"modified":"2019-11-18T13:44:41","modified_gmt":"2019-11-18T11:44:41","slug":"data-protection","status":"publish","type":"page","link":"https:\/\/i-torrestrella.com\/en\/data-protection\/","title":{"rendered":"Data Protection"},"content":{"rendered":"<p>[vc_row][vc_column][vc_column_text]<\/p>\n<p style=\"font-weight: 400;\">Torres &amp; Trella proyectos e instalaciones S.L.U. complies with the guidelines of the European Data Protection Regulation 2016\/679 of April 27, 2016 and other regulations that guarantee the correct use and treatment of the user&#8217;s personal data. You can exercise your rights of access, rectification, deletion, limitation of treatment, portability or opposition, by email to &#8220;<a href=\"mailto:info@i-torrestrella.com\">info@i-torrestrella.com<\/a>.&#8221;, The purpose of the treatment will be to contact users to provide them with information of the services offered by the company, as well as their treatment as clients.<\/p>\n<p style=\"font-weight: 400;\">By means of this clause we inform you that you can make any type of claim before the control authority, Agencia Espa\u00f1ola de Protecci\u00f3n de Datos. Also, Torres &amp; Trella Proyectos e Instalaciones S.L.U. informs that we will keep your personal data as long as the purpose of the cession remains in force and while the user has not indicated otherwise.<\/p>\n<p>[\/vc_column_text][\/vc_column][\/vc_row]<\/p>\n","protected":false},"excerpt":{"rendered":"<p>[vc_row][vc_column][vc_column_text] Torres &amp; Trella proyectos e instalaciones S.L.U. complies with the guidelines of the European Data Protection Regulation 2016\/679 of April 27, 2016 and other regulations that guarantee the correct use and treatment of the user&#8217;s personal data. You can&#8230;<\/p>\n","protected":false},"author":4,"featured_media":0,"parent":0,"menu_order":0,"comment_status":"closed","ping_status":"closed","template":"","meta":[],"yoast_head":"<!-- This site is optimized with the Yoast SEO plugin v16.2 - https:\/\/yoast.com\/wordpress\/plugins\/seo\/ -->\n<title>Data Protection - Ingenier\u00eda e instalaciones de telecomunicaci\u00f3n y baja tensi\u00f3n<\/title>\n<meta name=\"robots\" content=\"index, follow, max-snippet:-1, max-image-preview:large, max-video-preview:-1\" \/>\n<link rel=\"canonical\" href=\"https:\/\/i-torrestrella.com\/en\/data-protection\/\" \/>\n<meta property=\"og:locale\" content=\"en_US\" \/>\n<meta property=\"og:type\" content=\"article\" \/>\n<meta property=\"og:title\" content=\"Data Protection - Ingenier\u00eda e instalaciones de telecomunicaci\u00f3n y baja tensi\u00f3n\" \/>\n<meta property=\"og:description\" content=\"[vc_row][vc_column][vc_column_text] Torres &amp; Trella proyectos e instalaciones S.L.U. complies with the guidelines of the European Data Protection Regulation 2016\/679 of April 27, 2016 and other regulations that guarantee the correct use and treatment of the user&#8217;s personal data. You can...\" \/>\n<meta property=\"og:url\" content=\"https:\/\/i-torrestrella.com\/en\/data-protection\/\" \/>\n<meta property=\"og:site_name\" content=\"Ingenier\u00eda e instalaciones de telecomunicaci\u00f3n y baja tensi\u00f3n\" \/>\n<meta property=\"article:publisher\" content=\"https:\/\/www.facebook.com\/itorrestrella\/\" \/>\n<meta property=\"article:modified_time\" content=\"2019-11-18T11:44:41+00:00\" \/>\n<meta property=\"og:image\" content=\"https:\/\/i-torrestrella.com\/wp-content\/uploads\/i-torrestrella-1.jpg\" \/>\n\t<meta property=\"og:image:width\" content=\"1661\" \/>\n\t<meta property=\"og:image:height\" content=\"946\" \/>\n<meta name=\"twitter:card\" content=\"summary_large_image\" \/>\n<meta name=\"twitter:site\" content=\"@itorrestrella\" \/>\n<meta name=\"twitter:label1\" content=\"Est. reading time\">\n\t<meta name=\"twitter:data1\" content=\"1 minute\">\n<script type=\"application\/ld+json\" class=\"yoast-schema-graph\">{\"@context\":\"https:\/\/schema.org\",\"@graph\":[{\"@type\":\"Organization\",\"@id\":\"https:\/\/i-torrestrella.com\/#organization\",\"name\":\"Torres & Trella ingenieros\",\"url\":\"https:\/\/i-torrestrella.com\/\",\"sameAs\":[\"https:\/\/www.facebook.com\/itorrestrella\/\",\"https:\/\/www.linkedin.com\/company\/torres-&amp;amp;-trella-ingenieros\",\"https:\/\/twitter.com\/itorrestrella\"],\"logo\":{\"@type\":\"ImageObject\",\"@id\":\"https:\/\/i-torrestrella.com\/#logo\",\"inLanguage\":\"en-US\",\"url\":\"https:\/\/i-torrestrella.com\/wp-content\/uploads\/cropped-icono.jpg\",\"contentUrl\":\"https:\/\/i-torrestrella.com\/wp-content\/uploads\/cropped-icono.jpg\",\"width\":512,\"height\":512,\"caption\":\"Torres & Trella ingenieros\"},\"image\":{\"@id\":\"https:\/\/i-torrestrella.com\/#logo\"}},{\"@type\":\"WebSite\",\"@id\":\"https:\/\/i-torrestrella.com\/#website\",\"url\":\"https:\/\/i-torrestrella.com\/\",\"name\":\"Ingenier\\u00eda e instalaciones de telecomunicaci\\u00f3n y baja tensi\\u00f3n\",\"description\":\"Consultor\\u00eda Ingenier\\u00eda, telecomunicaci\\u00f3n y sistemas de seguridad\",\"publisher\":{\"@id\":\"https:\/\/i-torrestrella.com\/#organization\"},\"potentialAction\":[{\"@type\":\"SearchAction\",\"target\":\"https:\/\/i-torrestrella.com\/?s={search_term_string}\",\"query-input\":\"required name=search_term_string\"}],\"inLanguage\":\"en-US\"},{\"@type\":\"WebPage\",\"@id\":\"https:\/\/i-torrestrella.com\/en\/data-protection\/#webpage\",\"url\":\"https:\/\/i-torrestrella.com\/en\/data-protection\/\",\"name\":\"Data Protection - Ingenier\\u00eda e instalaciones de telecomunicaci\\u00f3n y baja tensi\\u00f3n\",\"isPartOf\":{\"@id\":\"https:\/\/i-torrestrella.com\/#website\"},\"datePublished\":\"2018-11-20T08:04:53+00:00\",\"dateModified\":\"2019-11-18T11:44:41+00:00\",\"breadcrumb\":{\"@id\":\"https:\/\/i-torrestrella.com\/en\/data-protection\/#breadcrumb\"},\"inLanguage\":\"en-US\",\"potentialAction\":[{\"@type\":\"ReadAction\",\"target\":[\"https:\/\/i-torrestrella.com\/en\/data-protection\/\"]}]},{\"@type\":\"BreadcrumbList\",\"@id\":\"https:\/\/i-torrestrella.com\/en\/data-protection\/#breadcrumb\",\"itemListElement\":[{\"@type\":\"ListItem\",\"position\":1,\"item\":{\"@type\":\"WebPage\",\"@id\":\"https:\/\/i-torrestrella.com\/en\/\",\"url\":\"https:\/\/i-torrestrella.com\/en\/\",\"name\":\"Portada\"}},{\"@type\":\"ListItem\",\"position\":2,\"item\":{\"@id\":\"https:\/\/i-torrestrella.com\/en\/data-protection\/#webpage\"}}]}]}<\/script>\n<!-- \/ Yoast SEO plugin. -->","_links":{"self":[{"href":"https:\/\/i-torrestrella.com\/en\/wp-json\/wp\/v2\/pages\/3362"}],"collection":[{"href":"https:\/\/i-torrestrella.com\/en\/wp-json\/wp\/v2\/pages"}],"about":[{"href":"https:\/\/i-torrestrella.com\/en\/wp-json\/wp\/v2\/types\/page"}],"author":[{"embeddable":true,"href":"https:\/\/i-torrestrella.com\/en\/wp-json\/wp\/v2\/users\/4"}],"replies":[{"embeddable":true,"href":"https:\/\/i-torrestrella.com\/en\/wp-json\/wp\/v2\/comments?post=3362"}],"version-history":[{"count":0,"href":"https:\/\/i-torrestrella.com\/en\/wp-json\/wp\/v2\/pages\/3362\/revisions"}],"wp:attachment":[{"href":"https:\/\/i-torrestrella.com\/en\/wp-json\/wp\/v2\/media?parent=3362"}],"curies":[{"name":"wp","href":"https:\/\/api.w.org\/{rel}","templated":true}]}}